{"id":10,"date":"2019-08-29T02:16:55","date_gmt":"2019-08-29T02:16:55","guid":{"rendered":"https:\/\/demo.cmssuperheroes.com\/themeforest\/koira\/?page_id=10"},"modified":"2020-09-22T12:48:39","modified_gmt":"2020-09-22T17:48:39","slug":"contacto","status":"publish","type":"page","link":"https:\/\/www.bsoft.com.mx\/bsoft2020\/contacto\/","title":{"rendered":"Contacto"},"content":{"rendered":"\t\t<div data-elementor-type=\"wp-page\" data-elementor-id=\"10\" class=\"elementor elementor-10\">\n\t\t\t\t        <section class=\"elementor-section elementor-top-section elementor-element elementor-element-c62ff4f elementor-section-full_width elementor-section-stretched elementor-section-height-default elementor-section-height-default\" data-id=\"c62ff4f\" data-element_type=\"section\" data-settings=\"{&quot;stretch_section&quot;:&quot;section-stretched&quot;}\">\r\n            \r\n                        <div class=\"elementor-container elementor-column-gap-no \">\r\n                    <div class=\"elementor-column elementor-col-100 elementor-top-column elementor-element elementor-element-733c0a5\" data-id=\"733c0a5\" data-element_type=\"column\">\r\n            <div class=\"elementor-widget-wrap elementor-element-populated\">\r\n                        \t\t<div class=\"elementor-element elementor-element-a766d62 elementor-widget elementor-widget-html\" data-id=\"a766d62\" data-element_type=\"widget\" data-widget_type=\"html.default\">\n\t\t\t\t<div class=\"elementor-widget-container\">\n\t\t\t\t\t<iframe src=\"https:\/\/www.google.com\/maps\/d\/u\/0\/embed?mid=1L9bdBV6uiNo8N1GuBD6mGZmziI0&amp;output=embed\" width=\"700px\" height=\"500px\"><\/iframe>\t\t\t\t<\/div>\n\t\t\t\t<\/div>\n\t\t            <\/div>\r\n        <\/div>\r\n                            <\/div>\r\n        <\/section>\r\n                <section class=\"elementor-section elementor-top-section elementor-element elementor-element-6629567f elementor-section-boxed elementor-section-height-default elementor-section-height-default\" data-id=\"6629567f\" data-element_type=\"section\">\r\n            \r\n                        <div class=\"elementor-container elementor-column-gap-default \">\r\n                    <div class=\"elementor-column elementor-col-100 elementor-top-column elementor-element elementor-element-74a4f7a6\" data-id=\"74a4f7a6\" data-element_type=\"column\">\r\n            <div class=\"elementor-widget-wrap elementor-element-populated\">\r\n                                <section class=\"elementor-section elementor-inner-section elementor-element elementor-element-426f27d elementor-section-boxed elementor-section-height-default elementor-section-height-default\" data-id=\"426f27d\" data-element_type=\"section\" data-settings=\"{&quot;background_background&quot;:&quot;classic&quot;}\">\r\n            \r\n                        <div class=\"elementor-container elementor-column-gap-default \">\r\n                    <div class=\"elementor-column elementor-col-50 elementor-inner-column elementor-element elementor-element-2ab53ca1\" data-id=\"2ab53ca1\" data-element_type=\"column\" data-settings=\"{&quot;background_background&quot;:&quot;classic&quot;}\">\r\n            <div class=\"elementor-widget-wrap elementor-element-populated\">\r\n                        \t\t<div class=\"elementor-element elementor-element-76ce00a elementor-widget elementor-widget-cms_heading\" data-id=\"76ce00a\" data-element_type=\"widget\" data-widget_type=\"cms_heading.default\">\n\t\t\t\t<div class=\"elementor-widget-container\">\n\t\t\t\t\t<div class=\"cms-heading-wrapper cms-heading-layout1\">\r\n    \r\n            <h4 class=\"custom-heading\">\r\n            <span >Corporativo Canc\u00fan<\/span>\r\n        <\/h4>\r\n        \r\n    <\/div>\t\t\t\t<\/div>\n\t\t\t\t<\/div>\n\t\t\t\t<div class=\"elementor-element elementor-element-37dcd67 elementor-widget elementor-widget-text-editor\" data-id=\"37dcd67\" data-element_type=\"widget\" data-widget_type=\"text-editor.default\">\n\t\t\t\t<div class=\"elementor-widget-container\">\n\t\t\t\t\t\t\t\t\t<p>Av. Bonampak Piso 4 LT 4 y 5 <br \/>LOC 2 CP 77504 Canc\u00fan, Q. Roo.<\/p>\t\t\t\t\t\t\t\t<\/div>\n\t\t\t\t<\/div>\n\t\t\t\t<div class=\"elementor-element elementor-element-f6f0dd6 elementor-widget elementor-widget-cms_heading\" data-id=\"f6f0dd6\" data-element_type=\"widget\" data-widget_type=\"cms_heading.default\">\n\t\t\t\t<div class=\"elementor-widget-container\">\n\t\t\t\t\t<div class=\"cms-heading-wrapper cms-heading-layout1\">\r\n    \r\n            <h4 class=\"custom-heading\">\r\n            <span >Env\u00edanos un Email<\/span>\r\n        <\/h4>\r\n        \r\n    <\/div>\t\t\t\t<\/div>\n\t\t\t\t<\/div>\n\t\t\t\t<div class=\"elementor-element elementor-element-36827e1 elementor-widget elementor-widget-text-editor\" data-id=\"36827e1\" data-element_type=\"widget\" data-widget_type=\"text-editor.default\">\n\t\t\t\t<div class=\"elementor-widget-container\">\n\t\t\t\t\t\t\t\t\tEmail: <a href=\"mailto:admin@bsoft.com.mx\">admin@bsoft.com.mx<\/a>\nVentas: <a href=\"mailto:ventas@bsoft.com.mx\">ventas@bsoft.com.mx<\/a>\t\t\t\t\t\t\t\t<\/div>\n\t\t\t\t<\/div>\n\t\t\t\t<div class=\"elementor-element elementor-element-98c2202 elementor-widget elementor-widget-cms_heading\" data-id=\"98c2202\" data-element_type=\"widget\" data-widget_type=\"cms_heading.default\">\n\t\t\t\t<div class=\"elementor-widget-container\">\n\t\t\t\t\t<div class=\"cms-heading-wrapper cms-heading-layout1\">\r\n    \r\n            <h4 class=\"custom-heading\">\r\n            <span >Horario de atenci\u00f3n<\/span>\r\n        <\/h4>\r\n        \r\n    <\/div>\t\t\t\t<\/div>\n\t\t\t\t<\/div>\n\t\t\t\t<div class=\"elementor-element elementor-element-98de5ec elementor-widget elementor-widget-text-editor\" data-id=\"98de5ec\" data-element_type=\"widget\" data-widget_type=\"text-editor.default\">\n\t\t\t\t<div class=\"elementor-widget-container\">\n\t\t\t\t\t\t\t\t\t<p>Lunes &#8211; Viernes<br \/>08.00 &#8211; 18.00 hrs<\/p>\t\t\t\t\t\t\t\t<\/div>\n\t\t\t\t<\/div>\n\t\t\t\t<div class=\"elementor-element elementor-element-a23ea05 elementor-widget elementor-widget-text-editor\" data-id=\"a23ea05\" data-element_type=\"widget\" data-widget_type=\"text-editor.default\">\n\t\t\t\t<div class=\"elementor-widget-container\">\n\t\t\t\t\t\t\t\t\t<p>\u00bfTienes alguna pregunta? \u00a1Ll\u00e1manos!<\/p>\t\t\t\t\t\t\t\t<\/div>\n\t\t\t\t<\/div>\n\t\t\t\t<div class=\"elementor-element elementor-element-c25832e elementor-icon-list--layout-traditional elementor-list-item-link-full_width elementor-widget elementor-widget-icon-list\" data-id=\"c25832e\" data-element_type=\"widget\" data-widget_type=\"icon-list.default\">\n\t\t\t\t<div class=\"elementor-widget-container\">\n\t\t\t\t\t\t\t<ul class=\"elementor-icon-list-items\">\n\t\t\t\t\t\t\t<li class=\"elementor-icon-list-item\">\n\t\t\t\t\t\t\t\t\t\t\t<a href=\"tel:9989800360\">\n\n\t\t\t\t\t\t\t\t\t\t\t\t<span class=\"elementor-icon-list-icon\">\n\t\t\t\t\t\t\t<i aria-hidden=\"true\" class=\"fas fa-phone-alt\"><\/i>\t\t\t\t\t\t<\/span>\n\t\t\t\t\t\t\t\t\t\t<span class=\"elementor-icon-list-text\">(998) 9800360<\/span>\n\t\t\t\t\t\t\t\t\t\t\t<\/a>\n\t\t\t\t\t\t\t\t\t<\/li>\n\t\t\t\t\t\t\t\t<li class=\"elementor-icon-list-item\">\n\t\t\t\t\t\t\t\t\t\t\t<a href=\"tel:9982556134\">\n\n\t\t\t\t\t\t\t\t\t\t\t\t<span class=\"elementor-icon-list-icon\">\n\t\t\t\t\t\t\t<i aria-hidden=\"true\" class=\"fas fa-phone-alt\"><\/i>\t\t\t\t\t\t<\/span>\n\t\t\t\t\t\t\t\t\t\t<span class=\"elementor-icon-list-text\">(998) 2556134<\/span>\n\t\t\t\t\t\t\t\t\t\t\t<\/a>\n\t\t\t\t\t\t\t\t\t<\/li>\n\t\t\t\t\t\t<\/ul>\n\t\t\t\t\t\t<\/div>\n\t\t\t\t<\/div>\n\t\t            <\/div>\r\n        <\/div>\r\n                <div class=\"elementor-column elementor-col-50 elementor-inner-column elementor-element elementor-element-545e34a9\" data-id=\"545e34a9\" data-element_type=\"column\">\r\n            <div class=\"elementor-widget-wrap elementor-element-populated\">\r\n                        \t\t<div class=\"elementor-element elementor-element-c17ca4a elementor-widget elementor-widget-text-editor\" data-id=\"c17ca4a\" data-element_type=\"widget\" data-widget_type=\"text-editor.default\">\n\t\t\t\t<div class=\"elementor-widget-container\">\n\t\t\t\t\t\t\t\t\t\n<div class=\"wpcf7 no-js\" id=\"wpcf7-f7724-o1\" lang=\"es-MX\" dir=\"ltr\" data-wpcf7-id=\"7724\">\n<div class=\"screen-reader-response\"><p role=\"status\" aria-live=\"polite\" aria-atomic=\"true\"><\/p> <ul><\/ul><\/div>\n<form action=\"\/bsoft2020\/wp-json\/wp\/v2\/pages\/10#wpcf7-f7724-o1\" method=\"post\" class=\"wpcf7-form init\" aria-label=\"Formulario de contacto\" novalidate=\"novalidate\" data-status=\"init\">\n<div style=\"display: none;\">\n<input type=\"hidden\" name=\"_wpcf7\" value=\"7724\" \/>\n<input type=\"hidden\" name=\"_wpcf7_version\" value=\"6.0.6\" \/>\n<input type=\"hidden\" name=\"_wpcf7_locale\" value=\"es_MX\" \/>\n<input type=\"hidden\" name=\"_wpcf7_unit_tag\" value=\"wpcf7-f7724-o1\" \/>\n<input type=\"hidden\" name=\"_wpcf7_container_post\" value=\"0\" \/>\n<input type=\"hidden\" name=\"_wpcf7_posted_data_hash\" value=\"\" \/>\n<input type=\"hidden\" name=\"_wpcf7_recaptcha_response\" value=\"\" \/>\n<\/div>\n<h4>Cont\u00e1ctenos<\/h4>\n<p style=\"font-size:15px; margin-top:15px; margin-bottom:22px;\">Nuestro amplio grupo de ingenieros certificados y personal de TI est\u00e1 listo para ayudarlo a mantener su negocio de TI seguro y garantizar una alta disponibilidad.<\/p>\n<div class=\"row\">\n    <div class=\"col-sm-12 col-md-6 col-lg-6\">\n        <div class=\"input-filled\"><span class=\"wpcf7-form-control-wrap\" data-name=\"Cname\"><input size=\"40\" maxlength=\"400\" class=\"wpcf7-form-control wpcf7-text wpcf7-validates-as-required\" aria-required=\"true\" aria-invalid=\"false\" placeholder=\"Nombre\" value=\"\" type=\"text\" name=\"Cname\" \/><\/span><\/div>\n    <\/div>\n    <div class=\"col-sm-12 col-md-6 col-lg-6\">\n        <div class=\"input-filled\"><span class=\"wpcf7-form-control-wrap\" data-name=\"Cemail\"><input size=\"40\" maxlength=\"400\" class=\"wpcf7-form-control wpcf7-email wpcf7-validates-as-required wpcf7-text wpcf7-validates-as-email\" aria-required=\"true\" aria-invalid=\"false\" placeholder=\"Email\" value=\"\" type=\"email\" name=\"Cemail\" \/><\/span><\/div>\n    <\/div>\n<\/div>\n<div class=\"row\">\n    <div class=\"col-12\">\n        <div class=\"input-filled\"><span class=\"wpcf7-form-control-wrap\" data-name=\"Cphone\"><input size=\"40\" maxlength=\"400\" class=\"wpcf7-form-control wpcf7-text wpcf7-validates-as-required\" aria-required=\"true\" aria-invalid=\"false\" placeholder=\"Tel\u00e9fono\" value=\"\" type=\"text\" name=\"Cphone\" \/><\/span><\/div>\n    <\/div>\n<\/div>\n<div class=\"row\">\n    <div class=\"col-12\">\n        <div class=\"input-filled\"><span class=\"wpcf7-form-control-wrap\" data-name=\"Cmessage\"><textarea cols=\"40\" rows=\"10\" maxlength=\"2000\" class=\"wpcf7-form-control wpcf7-textarea wpcf7-validates-as-required\" aria-required=\"true\" aria-invalid=\"false\" placeholder=\"Mensaje\" name=\"Cmessage\"><\/textarea><\/span><\/div>\n    <\/div>\n<\/div>\n\n<div class=\"row\">\n    <div class=\"col-12\">\n        <div class=\"input-filled\"><\/div>\n    <\/div>\n<\/div>\n\n<div class=\"row\">\n    <div class=\"col-sm-12 col-md-6 col-lg-6\">\n      <button type=\"submit\" class=\"wpcf7-submit btn btn-big\">Enviar<i class=\"fas fa-arrow-circle-right\" style=\"margin-left:7px;\"><\/i><\/button>\n    <\/div>\n    <div class=\"col-sm-12 col-md-6 col-lg-6\">\n <div class=\"elementor-element elementor-element-83360e2 elementor-shape-rounded elementor-grid-0 elementor-widget elementor-widget-social-icons\" data-id=\"83360e2\" data-element_type=\"widget\" data-widget_type=\"social-icons.default\">\n\t<div class=\"elementor-widget-container\">\n\t\t<div class=\"elementor-social-icons-wrapper elementor-grid\">\n\t\t\t<div class=\"elementor-grid-item\">\n\t\t\t\t<a class=\"elementor-icon elementor-social-icon elementor-social-icon-facebook-f elementor-repeater-item-f8d3389\" href=\"https:\/\/www.facebook.com\/bsoftmexico\" target=\"_blank\">\n\t\t\t\t\t<span class=\"elementor-screen-only\">Facebook-f<\/span>\n\t\t\t\t\t<i class=\"fab fa-facebook-f\"><\/i>\n\t\t\t\t<\/a>\n\t\t\t<\/div>\n\t\t\t<div class=\"elementor-grid-item\">\n\t\t\t\t<a class=\"elementor-icon elementor-social-icon elementor-social-icon-twitter elementor-repeater-item-ae4b63a\" href=\"https:\/\/twitter.com\/BsoftMexico\" target=\"_blank\">\n\t\t\t\t\t\t<span class=\"elementor-screen-only\">Twitter<\/span>\n\t\t\t\t\t\t<i class=\"fab fa-twitter\"><\/i>\n\t\t\t\t<\/a>\n\t\t\t<\/div>\n\t\t\t<div class=\"elementor-grid-item\">\n\t\t\t\t<a class=\"elementor-icon elementor-social-icon elementor-social-icon-linkedin elementor-repeater-item-378496c\" href=\"https:\/\/www.linkedin.com\/company\/bsoftmx\/\" target=\"_blank\">\n\t\t\t\t\t<span class=\"elementor-screen-only\">Linkedin<\/span>\n\t\t\t\t\t<i class=\"fab fa-linkedin\"><\/i>\n\t\t\t\t<\/a>\n\t\t\t<\/div>\n\t\t<\/div>\n\t<\/div>\n<\/div>\n    <\/div>\n<\/div><div class=\"wpcf7-response-output\" aria-hidden=\"true\"><\/div>\n<\/form>\n<\/div>\n\t\t\t\t\t\t\t\t<\/div>\n\t\t\t\t<\/div>\n\t\t            <\/div>\r\n        <\/div>\r\n                            <\/div>\r\n        <\/section>\r\n                    <\/div>\r\n        <\/div>\r\n                            <\/div>\r\n        <\/section>\r\n                <section class=\"elementor-section elementor-top-section elementor-element elementor-element-6d238c8 elementor-section-boxed elementor-section-height-default elementor-section-height-default\" data-id=\"6d238c8\" data-element_type=\"section\">\r\n            \r\n                        <div class=\"elementor-container elementor-column-gap-default \">\r\n                    <div class=\"elementor-column elementor-col-100 elementor-top-column elementor-element elementor-element-af922f8\" data-id=\"af922f8\" data-element_type=\"column\">\r\n            <div class=\"elementor-widget-wrap elementor-element-populated\">\r\n                        \t\t<div class=\"elementor-element elementor-element-f803467 elementor-widget elementor-widget-spacer\" data-id=\"f803467\" data-element_type=\"widget\" data-widget_type=\"spacer.default\">\n\t\t\t\t<div class=\"elementor-widget-container\">\n\t\t\t\t\t\t\t<div class=\"elementor-spacer\">\n\t\t\t<div class=\"elementor-spacer-inner\"><\/div>\n\t\t<\/div>\n\t\t\t\t\t\t<\/div>\n\t\t\t\t<\/div>\n\t\t            <\/div>\r\n        <\/div>\r\n                            <\/div>\r\n        <\/section>\r\n                <section class=\"elementor-section elementor-top-section elementor-element elementor-element-6217fe8 elementor-section-boxed elementor-section-height-default elementor-section-height-default\" data-id=\"6217fe8\" data-element_type=\"section\">\r\n            \r\n                        <div class=\"elementor-container elementor-column-gap-default \">\r\n                    <div class=\"elementor-column elementor-col-33 elementor-top-column elementor-element elementor-element-3542d91\" data-id=\"3542d91\" data-element_type=\"column\">\r\n            <div class=\"elementor-widget-wrap elementor-element-populated\">\r\n                        \t\t<div class=\"elementor-element elementor-element-3fb592b elementor-view-default elementor-position-top elementor-mobile-position-top elementor-invisible elementor-widget elementor-widget-icon-box\" data-id=\"3fb592b\" data-element_type=\"widget\" data-settings=\"{&quot;_animation&quot;:&quot;zoomIn&quot;}\" data-widget_type=\"icon-box.default\">\n\t\t\t\t<div class=\"elementor-widget-container\">\n\t\t\t\t\t\t\t<div class=\"elementor-icon-box-wrapper\">\n\n\t\t\t\t\t\t<div class=\"elementor-icon-box-icon\">\n\t\t\t\t<span  class=\"elementor-icon elementor-animation-bob\">\n\t\t\t\t<i aria-hidden=\"true\" class=\"fas fa-map-marked-alt\"><\/i>\t\t\t\t<\/span>\n\t\t\t<\/div>\n\t\t\t\n\t\t\t\t\t\t<div class=\"elementor-icon-box-content\">\n\n\t\t\t\t\t\t\t\t\t<h3 class=\"elementor-icon-box-title\">\n\t\t\t\t\t\t<span  >\n\t\t\t\t\t\t\tOficinas de Monterrey\u200b\t\t\t\t\t\t<\/span>\n\t\t\t\t\t<\/h3>\n\t\t\t\t\n\t\t\t\t\t\t\t\t\t<p class=\"elementor-icon-box-description\">\n\t\t\t\t\t\tAv Roble 660, Col. Valle del Campestre,\n<br>\n66265 San Pedro Garza, Mty, N.L.\n<br><br>\n<a href=\"tel:8184218838\">Tel. (81) 84218838<\/a>\t\t\t\t\t<\/p>\n\t\t\t\t\n\t\t\t<\/div>\n\t\t\t\n\t\t<\/div>\n\t\t\t\t\t\t<\/div>\n\t\t\t\t<\/div>\n\t\t            <\/div>\r\n        <\/div>\r\n                <div class=\"elementor-column elementor-col-33 elementor-top-column elementor-element elementor-element-e2d70d8\" data-id=\"e2d70d8\" data-element_type=\"column\">\r\n            <div class=\"elementor-widget-wrap elementor-element-populated\">\r\n                        \t\t<div class=\"elementor-element elementor-element-86e1d40 elementor-view-default elementor-position-top elementor-mobile-position-top elementor-invisible elementor-widget elementor-widget-icon-box\" data-id=\"86e1d40\" data-element_type=\"widget\" data-settings=\"{&quot;_animation&quot;:&quot;zoomIn&quot;}\" data-widget_type=\"icon-box.default\">\n\t\t\t\t<div class=\"elementor-widget-container\">\n\t\t\t\t\t\t\t<div class=\"elementor-icon-box-wrapper\">\n\n\t\t\t\t\t\t<div class=\"elementor-icon-box-icon\">\n\t\t\t\t<span  class=\"elementor-icon elementor-animation-bob\">\n\t\t\t\t<i aria-hidden=\"true\" class=\"fas fa-map-pin\"><\/i>\t\t\t\t<\/span>\n\t\t\t<\/div>\n\t\t\t\n\t\t\t\t\t\t<div class=\"elementor-icon-box-content\">\n\n\t\t\t\t\t\t\t\t\t<h3 class=\"elementor-icon-box-title\">\n\t\t\t\t\t\t<span  >\n\t\t\t\t\t\t\tOficinas Ciudad de M\u00e9xico\t\t\t\t\t\t<\/span>\n\t\t\t\t\t<\/h3>\n\t\t\t\t\n\t\t\t\t\t\t\t\t\t<p class=\"elementor-icon-box-description\">\n\t\t\t\t\t\tPaseo de la Reforma 115,\n<br>\nLomas de Chapultepec V Secci\u00f3n,\n<br>\nCiudad de M\u00e9xico,\n<br>\n<a href=\"tel:5584217717\">Tel. (55) 84217717<\/a>\n\t\t\t\t\t<\/p>\n\t\t\t\t\n\t\t\t<\/div>\n\t\t\t\n\t\t<\/div>\n\t\t\t\t\t\t<\/div>\n\t\t\t\t<\/div>\n\t\t            <\/div>\r\n        <\/div>\r\n                <div class=\"elementor-column elementor-col-33 elementor-top-column elementor-element elementor-element-3e406d8\" data-id=\"3e406d8\" data-element_type=\"column\">\r\n            <div class=\"elementor-widget-wrap elementor-element-populated\">\r\n                        \t\t<div class=\"elementor-element elementor-element-ae4592a elementor-view-default elementor-position-top elementor-mobile-position-top elementor-invisible elementor-widget elementor-widget-icon-box\" data-id=\"ae4592a\" data-element_type=\"widget\" data-settings=\"{&quot;_animation&quot;:&quot;zoomIn&quot;}\" data-widget_type=\"icon-box.default\">\n\t\t\t\t<div class=\"elementor-widget-container\">\n\t\t\t\t\t\t\t<div class=\"elementor-icon-box-wrapper\">\n\n\t\t\t\t\t\t<div class=\"elementor-icon-box-icon\">\n\t\t\t\t<span  class=\"elementor-icon elementor-animation-bob\">\n\t\t\t\t<i aria-hidden=\"true\" class=\"fas fa-map-marker-alt\"><\/i>\t\t\t\t<\/span>\n\t\t\t<\/div>\n\t\t\t\n\t\t\t\t\t\t<div class=\"elementor-icon-box-content\">\n\n\t\t\t\t\t\t\t\t\t<h3 class=\"elementor-icon-box-title\">\n\t\t\t\t\t\t<span  >\n\t\t\t\t\t\t\tOficinas Guadalajara\t\t\t\t\t\t<\/span>\n\t\t\t\t\t<\/h3>\n\t\t\t\t\n\t\t\t\t\t\t\t\t\t<p class=\"elementor-icon-box-description\">\n\t\t\t\t\t\tAv. Patria 2085, Puerto de Hierro,\n<br>\n45116 Zapopan, Jalisco,\n<br><br>\n<a href=\"tel:5584217717\">Tel. (33) 84216869<\/a>\t\t\t\t\t<\/p>\n\t\t\t\t\n\t\t\t<\/div>\n\t\t\t\n\t\t<\/div>\n\t\t\t\t\t\t<\/div>\n\t\t\t\t<\/div>\n\t\t            <\/div>\r\n        <\/div>\r\n                            <\/div>\r\n        <\/section>\r\n        \t\t<\/div>\n\t\t","protected":false},"excerpt":{"rendered":"<p>Corporativo Canc\u00fan Av. Bonampak Piso 4 LT 4 y 5 LOC 2 CP 77504 Canc\u00fan, Q. Roo. Env\u00edanos un Email Email: admin@bsoft.com.mx Ventas: ventas@bsoft.com.mx Horario de atenci\u00f3n Lunes &#8211; Viernes08.00 &#8211; 18.00 hrs \u00bfTienes alguna pregunta? \u00a1Ll\u00e1manos! (998) 9800360 (998) 2556134 Oficinas de Monterrey\u200b Av Roble 660, Col. Valle del Campestre, 66265 San Pedro Garza, [&hellip;]<\/p>\n","protected":false},"author":1,"featured_media":7852,"parent":0,"menu_order":0,"comment_status":"closed","ping_status":"closed","template":"","meta":{"footnotes":""},"class_list":["post-10","page","type-page","status-publish","has-post-thumbnail","hentry"],"aioseo_notices":[],"_links":{"self":[{"href":"https:\/\/www.bsoft.com.mx\/bsoft2020\/wp-json\/wp\/v2\/pages\/10","targetHints":{"allow":["GET"]}}],"collection":[{"href":"https:\/\/www.bsoft.com.mx\/bsoft2020\/wp-json\/wp\/v2\/pages"}],"about":[{"href":"https:\/\/www.bsoft.com.mx\/bsoft2020\/wp-json\/wp\/v2\/types\/page"}],"author":[{"embeddable":true,"href":"https:\/\/www.bsoft.com.mx\/bsoft2020\/wp-json\/wp\/v2\/users\/1"}],"replies":[{"embeddable":true,"href":"https:\/\/www.bsoft.com.mx\/bsoft2020\/wp-json\/wp\/v2\/comments?post=10"}],"version-history":[{"count":34,"href":"https:\/\/www.bsoft.com.mx\/bsoft2020\/wp-json\/wp\/v2\/pages\/10\/revisions"}],"predecessor-version":[{"id":8019,"href":"https:\/\/www.bsoft.com.mx\/bsoft2020\/wp-json\/wp\/v2\/pages\/10\/revisions\/8019"}],"wp:featuredmedia":[{"embeddable":true,"href":"https:\/\/www.bsoft.com.mx\/bsoft2020\/wp-json\/wp\/v2\/media\/7852"}],"wp:attachment":[{"href":"https:\/\/www.bsoft.com.mx\/bsoft2020\/wp-json\/wp\/v2\/media?parent=10"}],"curies":[{"name":"wp","href":"https:\/\/api.w.org\/{rel}","templated":true}]}}